{"id":2143,"date":"2019-05-21T23:05:06","date_gmt":"2019-05-21T21:05:06","guid":{"rendered":"https:\/\/www.perego1963.it\/materia\/"},"modified":"2020-12-07T19:29:17","modified_gmt":"2020-12-07T18:29:17","slug":"materia","status":"publish","type":"page","link":"https:\/\/www.perego1963.it\/fr\/materia\/","title":{"rendered":"Mat\u00e9riaux\/Mati\u00e9res"},"content":{"rendered":"\n<p class=\"has-text-color\" style=\"color:#863d43\">\u00ab Tous les mat\u00e9riaux, peu importe si naturels ou artificiels, poss\u00e8dent des caract\u00e9ristiques sp\u00e9cifiques qu\u2019il faut conna\u00eetre pour savoir comment  les utiliser. \nNouveaux mat\u00e9riaux, mais aussi nouveaux syst\u00e8mes constructifs, ne garantissent tous seuls  aucune sup\u00e9riorit\u00e9. Donc, leur correct rapport est d\u00e9terminant et d\u00e9cisif. Chaque mat\u00e9riel vaut seulement pour ce qu\u2019on est capable d\u2019 en tirer. \u00bb Mies Van der Rohe<\/p>\n","protected":false},"excerpt":{"rendered":"<p>\u00ab Tous les mat\u00e9riaux, peu importe si naturels ou artificiels, poss\u00e8dent des caract\u00e9ristiques sp\u00e9cifiques qu\u2019il faut conna\u00eetre pour savoir comment les utiliser. Nouveaux mat\u00e9riaux, mais aussi nouveaux syst\u00e8mes constructifs, ne garantissent tous seuls aucune sup\u00e9riorit\u00e9. Donc, leur correct rapport est d\u00e9terminant et d\u00e9cisif. Chaque mat\u00e9riel vaut seulement pour ce qu\u2019on est capable d\u2019 en tirer. [&hellip;]<\/p>\n","protected":false},"author":1,"featured_media":2144,"parent":0,"menu_order":0,"comment_status":"closed","ping_status":"closed","template":"materia.php","meta":{"ngg_post_thumbnail":0},"yoast_head":"<!-- This site is optimized with the Yoast SEO plugin v15.5 - https:\/\/yoast.com\/wordpress\/plugins\/seo\/ -->\n<title>Mat\u00e9riaux\/Mati\u00e9res - Perego1963<\/title>\n<meta name=\"robots\" content=\"index, follow, max-snippet:-1, max-image-preview:large, max-video-preview:-1\" \/>\n<link rel=\"canonical\" href=\"https:\/\/www.perego1963.it\/fr\/materia\/\" \/>\n<meta property=\"og:locale\" content=\"fr_FR\" \/>\n<meta property=\"og:type\" content=\"article\" \/>\n<meta property=\"og:title\" content=\"Mat\u00e9riaux\/Mati\u00e9res - Perego1963\" \/>\n<meta property=\"og:description\" content=\"\u00ab Tous les mat\u00e9riaux, peu importe si naturels ou artificiels, poss\u00e8dent des caract\u00e9ristiques sp\u00e9cifiques qu\u2019il faut conna\u00eetre pour savoir comment les utiliser. Nouveaux mat\u00e9riaux, mais aussi nouveaux syst\u00e8mes constructifs, ne garantissent tous seuls aucune sup\u00e9riorit\u00e9. Donc, leur correct rapport est d\u00e9terminant et d\u00e9cisif. Chaque mat\u00e9riel vaut seulement pour ce qu\u2019on est capable d\u2019 en tirer. [&hellip;]\" \/>\n<meta property=\"og:url\" content=\"https:\/\/www.perego1963.it\/fr\/materia\/\" \/>\n<meta property=\"og:site_name\" content=\"Perego1963\" \/>\n<meta property=\"article:modified_time\" content=\"2020-12-07T18:29:17+00:00\" \/>\n<meta property=\"og:image\" content=\"https:\/\/www.perego1963.it\/wp-content\/uploads\/2019\/07\/materia.jpg\" \/>\n\t<meta property=\"og:image:width\" content=\"300\" \/>\n\t<meta property=\"og:image:height\" content=\"300\" \/>\n<meta name=\"twitter:card\" content=\"summary_large_image\" \/>\n<meta name=\"twitter:site\" content=\"@PeregoEmanuele\" \/>\n<meta name=\"twitter:label1\" content=\"Dur\u00e9e de lecture est.\">\n\t<meta name=\"twitter:data1\" content=\"0 minute\">\n<script type=\"application\/ld+json\" class=\"yoast-schema-graph\">{\"@context\":\"https:\/\/schema.org\",\"@graph\":[{\"@type\":\"Organization\",\"@id\":\"https:\/\/www.perego1963.it\/#organization\",\"name\":\"Perego1963\",\"url\":\"https:\/\/www.perego1963.it\/\",\"sameAs\":[\"https:\/\/www.linkedin.com\/in\/emanuele-perego-5296a423\/\",\"https:\/\/twitter.com\/PeregoEmanuele\"],\"logo\":{\"@type\":\"ImageObject\",\"@id\":\"https:\/\/www.perego1963.it\/#logo\",\"inLanguage\":\"fr-FR\",\"url\":\"https:\/\/www.perego1963.it\/wp-content\/uploads\/2019\/10\/logo_perego.png\",\"width\":338,\"height\":122,\"caption\":\"Perego1963\"},\"image\":{\"@id\":\"https:\/\/www.perego1963.it\/#logo\"}},{\"@type\":\"WebSite\",\"@id\":\"https:\/\/www.perego1963.it\/#website\",\"url\":\"https:\/\/www.perego1963.it\/\",\"name\":\"Perego1963\",\"description\":\"\",\"publisher\":{\"@id\":\"https:\/\/www.perego1963.it\/#organization\"},\"potentialAction\":[{\"@type\":\"SearchAction\",\"target\":\"https:\/\/www.perego1963.it\/?s={search_term_string}\",\"query-input\":\"required name=search_term_string\"}],\"inLanguage\":\"fr-FR\"},{\"@type\":\"ImageObject\",\"@id\":\"https:\/\/www.perego1963.it\/fr\/materia\/#primaryimage\",\"inLanguage\":\"fr-FR\",\"url\":\"https:\/\/www.perego1963.it\/wp-content\/uploads\/2019\/07\/materia.jpg\",\"width\":300,\"height\":300},{\"@type\":\"WebPage\",\"@id\":\"https:\/\/www.perego1963.it\/fr\/materia\/#webpage\",\"url\":\"https:\/\/www.perego1963.it\/fr\/materia\/\",\"name\":\"Mat\\u00e9riaux\/Mati\\u00e9res - Perego1963\",\"isPartOf\":{\"@id\":\"https:\/\/www.perego1963.it\/#website\"},\"primaryImageOfPage\":{\"@id\":\"https:\/\/www.perego1963.it\/fr\/materia\/#primaryimage\"},\"datePublished\":\"2019-05-21T21:05:06+00:00\",\"dateModified\":\"2020-12-07T18:29:17+00:00\",\"inLanguage\":\"fr-FR\",\"potentialAction\":[{\"@type\":\"ReadAction\",\"target\":[\"https:\/\/www.perego1963.it\/fr\/materia\/\"]}]}]}<\/script>\n<!-- \/ Yoast SEO plugin. -->","_links":{"self":[{"href":"https:\/\/www.perego1963.it\/fr\/wp-json\/wp\/v2\/pages\/2143\/"}],"collection":[{"href":"https:\/\/www.perego1963.it\/fr\/wp-json\/wp\/v2\/pages\/"}],"about":[{"href":"https:\/\/www.perego1963.it\/fr\/wp-json\/wp\/v2\/types\/page\/"}],"author":[{"embeddable":true,"href":"https:\/\/www.perego1963.it\/fr\/wp-json\/wp\/v2\/users\/1\/"}],"replies":[{"embeddable":true,"href":"https:\/\/www.perego1963.it\/fr\/wp-json\/wp\/v2\/comments\/?post=2143"}],"version-history":[{"count":1,"href":"https:\/\/www.perego1963.it\/fr\/wp-json\/wp\/v2\/pages\/2143\/revisions\/"}],"predecessor-version":[{"id":2145,"href":"https:\/\/www.perego1963.it\/fr\/wp-json\/wp\/v2\/pages\/2143\/revisions\/2145\/"}],"wp:featuredmedia":[{"embeddable":true,"href":"https:\/\/www.perego1963.it\/fr\/wp-json\/wp\/v2\/media\/2144\/"}],"wp:attachment":[{"href":"https:\/\/www.perego1963.it\/fr\/wp-json\/wp\/v2\/media\/?parent=2143"}],"curies":[{"name":"wp","href":"https:\/\/api.w.org\/{rel}","templated":true}]}}