{"id":1769,"date":"2019-05-18T22:03:19","date_gmt":"2019-05-18T20:03:19","guid":{"rendered":"https:\/\/www.perego1963.it\/servizi\/"},"modified":"2020-12-07T18:00:30","modified_gmt":"2020-12-07T17:00:30","slug":"servizi","status":"publish","type":"page","link":"https:\/\/www.perego1963.it\/fr\/servizi\/","title":{"rendered":"Services"},"content":{"rendered":"\n<div class=\"wp-block-columns has-2-columns\">\n<div class=\"wp-block-column\">\n<figure class=\"wp-block-image\"><img loading=\"lazy\" width=\"440\" height=\"440\" src=\"https:\/\/www.perego1963.it\/wp-content\/uploads\/2019\/10\/servizi.jpg\" alt=\"\" class=\"wp-image-1178\" srcset=\"https:\/\/www.perego1963.it\/wp-content\/uploads\/2019\/10\/servizi.jpg 440w, https:\/\/www.perego1963.it\/wp-content\/uploads\/2019\/10\/servizi-150x150.jpg 150w, https:\/\/www.perego1963.it\/wp-content\/uploads\/2019\/10\/servizi-300x300.jpg 300w\" sizes=\"(max-width: 440px) 100vw, 440px\" \/><\/figure>\n<\/div>\n\n\n\n<div class=\"wp-block-column\">\n<p class=\"has-text-color\" style=\"font-size:18px;color:#863d43\"><strong>Services<\/strong><\/p>\n\n\n\n<p class=\"has-text-color\" style=\"font-size:14px;color:#863d43\">-Visite et reliefs techniques<br>-Projet<br>-R\u00e9alisation prototypes<br>-Consultation et assistance technique aux projecteurs<br>-Articles d\u2019ameublement pour la maison et solutions sur mesure<br>-Fornitures\/Contract, magasin, bureau, espaces collectifs, nautisme<br>-Livraison et montage des meubles<br>-Restauration des meubles anciens<br>-Service de stockage, entrep\u00f4t \u00e0 p\u00e9age de 1 \u00e0 50 m\u00e8tre carr\u00e9s<br>-Assistance apr\u00e8s-vente <\/p>\n<\/div>\n<\/div>\n\n\n\n<p><\/p>\n","protected":false},"excerpt":{"rendered":"<p>Services -Visite et reliefs techniques-Projet-R\u00e9alisation prototypes-Consultation et assistance technique aux projecteurs-Articles d\u2019ameublement pour la maison et solutions sur mesure-Fornitures\/Contract, magasin, bureau, espaces collectifs, nautisme-Livraison et montage des meubles-Restauration des meubles anciens-Service de stockage, entrep\u00f4t \u00e0 p\u00e9age de 1 \u00e0 50 m\u00e8tre carr\u00e9s-Assistance apr\u00e8s-vente<\/p>\n","protected":false},"author":1,"featured_media":0,"parent":0,"menu_order":0,"comment_status":"closed","ping_status":"closed","template":"profilo.php","meta":{"ngg_post_thumbnail":0},"yoast_head":"<!-- This site is optimized with the Yoast SEO plugin v15.5 - https:\/\/yoast.com\/wordpress\/plugins\/seo\/ -->\n<title>Services - Perego1963<\/title>\n<meta name=\"robots\" content=\"index, follow, max-snippet:-1, max-image-preview:large, max-video-preview:-1\" \/>\n<link rel=\"canonical\" href=\"https:\/\/www.perego1963.it\/fr\/servizi\/\" \/>\n<meta property=\"og:locale\" content=\"fr_FR\" \/>\n<meta property=\"og:type\" content=\"article\" \/>\n<meta property=\"og:title\" content=\"Services - Perego1963\" \/>\n<meta property=\"og:description\" content=\"Services -Visite et reliefs techniques-Projet-R\u00e9alisation prototypes-Consultation et assistance technique aux projecteurs-Articles d\u2019ameublement pour la maison et solutions sur mesure-Fornitures\/Contract, magasin, bureau, espaces collectifs, nautisme-Livraison et montage des meubles-Restauration des meubles anciens-Service de stockage, entrep\u00f4t \u00e0 p\u00e9age de 1 \u00e0 50 m\u00e8tre carr\u00e9s-Assistance apr\u00e8s-vente\" \/>\n<meta property=\"og:url\" content=\"https:\/\/www.perego1963.it\/fr\/servizi\/\" \/>\n<meta property=\"og:site_name\" content=\"Perego1963\" \/>\n<meta property=\"article:modified_time\" content=\"2020-12-07T17:00:30+00:00\" \/>\n<meta property=\"og:image\" content=\"https:\/\/www.perego1963.it\/wp-content\/uploads\/2019\/10\/servizi.jpg\" \/>\n<meta name=\"twitter:card\" content=\"summary_large_image\" \/>\n<meta name=\"twitter:site\" content=\"@PeregoEmanuele\" \/>\n<meta name=\"twitter:label1\" content=\"Dur\u00e9e de lecture est.\">\n\t<meta name=\"twitter:data1\" content=\"0 minute\">\n<script type=\"application\/ld+json\" class=\"yoast-schema-graph\">{\"@context\":\"https:\/\/schema.org\",\"@graph\":[{\"@type\":\"Organization\",\"@id\":\"https:\/\/www.perego1963.it\/#organization\",\"name\":\"Perego1963\",\"url\":\"https:\/\/www.perego1963.it\/\",\"sameAs\":[\"https:\/\/www.linkedin.com\/in\/emanuele-perego-5296a423\/\",\"https:\/\/twitter.com\/PeregoEmanuele\"],\"logo\":{\"@type\":\"ImageObject\",\"@id\":\"https:\/\/www.perego1963.it\/#logo\",\"inLanguage\":\"fr-FR\",\"url\":\"https:\/\/www.perego1963.it\/wp-content\/uploads\/2019\/10\/logo_perego.png\",\"width\":338,\"height\":122,\"caption\":\"Perego1963\"},\"image\":{\"@id\":\"https:\/\/www.perego1963.it\/#logo\"}},{\"@type\":\"WebSite\",\"@id\":\"https:\/\/www.perego1963.it\/#website\",\"url\":\"https:\/\/www.perego1963.it\/\",\"name\":\"Perego1963\",\"description\":\"\",\"publisher\":{\"@id\":\"https:\/\/www.perego1963.it\/#organization\"},\"potentialAction\":[{\"@type\":\"SearchAction\",\"target\":\"https:\/\/www.perego1963.it\/?s={search_term_string}\",\"query-input\":\"required name=search_term_string\"}],\"inLanguage\":\"fr-FR\"},{\"@type\":\"ImageObject\",\"@id\":\"https:\/\/www.perego1963.it\/fr\/servizi\/#primaryimage\",\"inLanguage\":\"fr-FR\",\"url\":\"https:\/\/www.perego1963.it\/wp-content\/uploads\/2019\/10\/servizi.jpg\",\"width\":440,\"height\":440},{\"@type\":\"WebPage\",\"@id\":\"https:\/\/www.perego1963.it\/fr\/servizi\/#webpage\",\"url\":\"https:\/\/www.perego1963.it\/fr\/servizi\/\",\"name\":\"Services - Perego1963\",\"isPartOf\":{\"@id\":\"https:\/\/www.perego1963.it\/#website\"},\"primaryImageOfPage\":{\"@id\":\"https:\/\/www.perego1963.it\/fr\/servizi\/#primaryimage\"},\"datePublished\":\"2019-05-18T20:03:19+00:00\",\"dateModified\":\"2020-12-07T17:00:30+00:00\",\"inLanguage\":\"fr-FR\",\"potentialAction\":[{\"@type\":\"ReadAction\",\"target\":[\"https:\/\/www.perego1963.it\/fr\/servizi\/\"]}]}]}<\/script>\n<!-- \/ Yoast SEO plugin. -->","_links":{"self":[{"href":"https:\/\/www.perego1963.it\/fr\/wp-json\/wp\/v2\/pages\/1769\/"}],"collection":[{"href":"https:\/\/www.perego1963.it\/fr\/wp-json\/wp\/v2\/pages\/"}],"about":[{"href":"https:\/\/www.perego1963.it\/fr\/wp-json\/wp\/v2\/types\/page\/"}],"author":[{"embeddable":true,"href":"https:\/\/www.perego1963.it\/fr\/wp-json\/wp\/v2\/users\/1\/"}],"replies":[{"embeddable":true,"href":"https:\/\/www.perego1963.it\/fr\/wp-json\/wp\/v2\/comments\/?post=1769"}],"version-history":[{"count":3,"href":"https:\/\/www.perego1963.it\/fr\/wp-json\/wp\/v2\/pages\/1769\/revisions\/"}],"predecessor-version":[{"id":1773,"href":"https:\/\/www.perego1963.it\/fr\/wp-json\/wp\/v2\/pages\/1769\/revisions\/1773\/"}],"wp:attachment":[{"href":"https:\/\/www.perego1963.it\/fr\/wp-json\/wp\/v2\/media\/?parent=1769"}],"curies":[{"name":"wp","href":"https:\/\/api.w.org\/{rel}","templated":true}]}}