{"id":1720,"date":"2019-05-21T23:21:51","date_gmt":"2019-05-21T21:21:51","guid":{"rendered":"https:\/\/www.perego1963.it\/design\/"},"modified":"2020-11-22T20:23:02","modified_gmt":"2020-11-22T19:23:02","slug":"design","status":"publish","type":"page","link":"https:\/\/www.perego1963.it\/es\/design\/","title":{"rendered":"Dise\u00f1o industrial"},"content":{"rendered":"\n<p class=\"has-text-color\" style=\"color:#863d43\">Productos \u00fanicos que son fruto de un estudio exhaustivo y que son capaces de adaptarse y de responder a las influencias y a los estilos contempor\u00e1neos sin renunciar al constante di\u00e1logo entre tradici\u00f3n e innovaci\u00f3n. De hecho, este aspecto es el rasgo distintivo de la producci\u00f3n de mobiliarios de la empresa Perego1963.<\/p>\n","protected":false},"excerpt":{"rendered":"<p>Productos \u00fanicos que son fruto de un estudio exhaustivo y que son capaces de adaptarse y de responder a las influencias y a los estilos contempor\u00e1neos sin renunciar al constante di\u00e1logo entre tradici\u00f3n e innovaci\u00f3n. De hecho, este aspecto es el rasgo distintivo de la producci\u00f3n de mobiliarios de la empresa Perego1963.<\/p>\n","protected":false},"author":1,"featured_media":1721,"parent":0,"menu_order":0,"comment_status":"closed","ping_status":"closed","template":"design.php","meta":{"ngg_post_thumbnail":0},"yoast_head":"<!-- This site is optimized with the Yoast SEO plugin v15.5 - https:\/\/yoast.com\/wordpress\/plugins\/seo\/ -->\n<title>Dise\u00f1o industrial - Perego1963<\/title>\n<meta name=\"robots\" content=\"index, follow, max-snippet:-1, max-image-preview:large, max-video-preview:-1\" \/>\n<link rel=\"canonical\" href=\"https:\/\/www.perego1963.it\/es\/design\/\" \/>\n<meta property=\"og:locale\" content=\"es_ES\" \/>\n<meta property=\"og:type\" content=\"article\" \/>\n<meta property=\"og:title\" content=\"Dise\u00f1o industrial - Perego1963\" \/>\n<meta property=\"og:description\" content=\"Productos \u00fanicos que son fruto de un estudio exhaustivo y que son capaces de adaptarse y de responder a las influencias y a los estilos contempor\u00e1neos sin renunciar al constante di\u00e1logo entre tradici\u00f3n e innovaci\u00f3n. De hecho, este aspecto es el rasgo distintivo de la producci\u00f3n de mobiliarios de la empresa Perego1963.\" \/>\n<meta property=\"og:url\" content=\"https:\/\/www.perego1963.it\/es\/design\/\" \/>\n<meta property=\"og:site_name\" content=\"Perego1963\" \/>\n<meta property=\"article:modified_time\" content=\"2020-11-22T19:23:02+00:00\" \/>\n<meta property=\"og:image\" content=\"https:\/\/www.perego1963.it\/wp-content\/uploads\/2019\/07\/design.jpg\" \/>\n\t<meta property=\"og:image:width\" content=\"300\" \/>\n\t<meta property=\"og:image:height\" content=\"300\" \/>\n<meta name=\"twitter:card\" content=\"summary_large_image\" \/>\n<meta name=\"twitter:site\" content=\"@PeregoEmanuele\" \/>\n<meta name=\"twitter:label1\" content=\"Tiempo de lectura\">\n\t<meta name=\"twitter:data1\" content=\"0 minutos\">\n<script type=\"application\/ld+json\" class=\"yoast-schema-graph\">{\"@context\":\"https:\/\/schema.org\",\"@graph\":[{\"@type\":\"Organization\",\"@id\":\"https:\/\/www.perego1963.it\/#organization\",\"name\":\"Perego1963\",\"url\":\"https:\/\/www.perego1963.it\/\",\"sameAs\":[\"https:\/\/www.linkedin.com\/in\/emanuele-perego-5296a423\/\",\"https:\/\/twitter.com\/PeregoEmanuele\"],\"logo\":{\"@type\":\"ImageObject\",\"@id\":\"https:\/\/www.perego1963.it\/#logo\",\"inLanguage\":\"es\",\"url\":\"https:\/\/www.perego1963.it\/wp-content\/uploads\/2019\/10\/logo_perego.png\",\"width\":338,\"height\":122,\"caption\":\"Perego1963\"},\"image\":{\"@id\":\"https:\/\/www.perego1963.it\/#logo\"}},{\"@type\":\"WebSite\",\"@id\":\"https:\/\/www.perego1963.it\/#website\",\"url\":\"https:\/\/www.perego1963.it\/\",\"name\":\"Perego1963\",\"description\":\"\",\"publisher\":{\"@id\":\"https:\/\/www.perego1963.it\/#organization\"},\"potentialAction\":[{\"@type\":\"SearchAction\",\"target\":\"https:\/\/www.perego1963.it\/?s={search_term_string}\",\"query-input\":\"required name=search_term_string\"}],\"inLanguage\":\"es\"},{\"@type\":\"ImageObject\",\"@id\":\"https:\/\/www.perego1963.it\/es\/design\/#primaryimage\",\"inLanguage\":\"es\",\"url\":\"https:\/\/www.perego1963.it\/wp-content\/uploads\/2019\/07\/design.jpg\",\"width\":300,\"height\":300},{\"@type\":\"WebPage\",\"@id\":\"https:\/\/www.perego1963.it\/es\/design\/#webpage\",\"url\":\"https:\/\/www.perego1963.it\/es\/design\/\",\"name\":\"Dise\\u00f1o industrial - Perego1963\",\"isPartOf\":{\"@id\":\"https:\/\/www.perego1963.it\/#website\"},\"primaryImageOfPage\":{\"@id\":\"https:\/\/www.perego1963.it\/es\/design\/#primaryimage\"},\"datePublished\":\"2019-05-21T21:21:51+00:00\",\"dateModified\":\"2020-11-22T19:23:02+00:00\",\"inLanguage\":\"es\",\"potentialAction\":[{\"@type\":\"ReadAction\",\"target\":[\"https:\/\/www.perego1963.it\/es\/design\/\"]}]}]}<\/script>\n<!-- \/ Yoast SEO plugin. -->","_links":{"self":[{"href":"https:\/\/www.perego1963.it\/es\/wp-json\/wp\/v2\/pages\/1720\/"}],"collection":[{"href":"https:\/\/www.perego1963.it\/es\/wp-json\/wp\/v2\/pages\/"}],"about":[{"href":"https:\/\/www.perego1963.it\/es\/wp-json\/wp\/v2\/types\/page\/"}],"author":[{"embeddable":true,"href":"https:\/\/www.perego1963.it\/es\/wp-json\/wp\/v2\/users\/1\/"}],"replies":[{"embeddable":true,"href":"https:\/\/www.perego1963.it\/es\/wp-json\/wp\/v2\/comments\/?post=1720"}],"version-history":[{"count":1,"href":"https:\/\/www.perego1963.it\/es\/wp-json\/wp\/v2\/pages\/1720\/revisions\/"}],"predecessor-version":[{"id":1722,"href":"https:\/\/www.perego1963.it\/es\/wp-json\/wp\/v2\/pages\/1720\/revisions\/1722\/"}],"wp:featuredmedia":[{"embeddable":true,"href":"https:\/\/www.perego1963.it\/es\/wp-json\/wp\/v2\/media\/1721\/"}],"wp:attachment":[{"href":"https:\/\/www.perego1963.it\/es\/wp-json\/wp\/v2\/media\/?parent=1720"}],"curies":[{"name":"wp","href":"https:\/\/api.w.org\/{rel}","templated":true}]}}